{"id":10,"date":"2017-07-31T15:39:35","date_gmt":"2017-07-31T15:39:35","guid":{"rendered":"https:\/\/vir.es\/?page_id=10"},"modified":"2019-04-26T14:21:03","modified_gmt":"2019-04-26T14:21:03","slug":"instalaciones","status":"publish","type":"page","link":"https:\/\/vir.es\/en\/instalaciones\/","title":{"rendered":"Platforms and facilities"},"content":{"rendered":"<section class=\"kc-elm kc-css-278645 kc_row\"><div class=\"kc-row-container  kc-container\"><div class=\"kc-wrap-columns\"><div class=\"kc-elm kc-css-63049 kc_column kc_col-sm-12\"><div class=\"kc-col-container\"><div class=\"kc-elm kc-css-978546 kc_text_block\"><p style=\"font-weight: 400; text-align: justify;\" class=\" translation-block\">Our manufacturing plant, as well as the administrative offices, are located in\n<strong>Alcorc\u00f3n<\/strong>, (Madrid) in facilities of <strong>10,000m<sup>2<\/sup><\/strong> that comply with the Guide to Standards\nof Good Manufacturing (GMP) and are duly <strong>authorized by the Health Authorities<\/strong>.<\/p>\n<\/div>\n\t<div class=\"kc-elm kc-css-143519 kc_shortcode kc_video_play kc_video_wrapper\">\n\t\t\t\t\t\t\t\t<video width=\"1000\" height=\"564.97175141243\" controls autoplay>\n\t\t\t\t<source src=\"https:\/\/vir.es\/wp-content\/uploads\/2019\/04\/VIR-Laboratories-1.mp4\" type=\"video\/mp4\">\n\t\t\t\tYour browser does not support the video tag.\t\t\t<\/video>\n\n\t\t\t<\/div>\n\n<\/div><\/div><\/div><\/div><\/section><section data-kc-fullwidth=\"content\" class=\"kc-elm kc-css-827385 kc_row\"><div class=\"kc-row-container\"><div class=\"kc-wrap-columns\"><div class=\"kc-elm kc-css-438222 kc_col-sm-12 kc_column kc_col-sm-12\"><div class=\"kc-col-container\"><\/div><\/div><\/div><\/div><\/section>","protected":false},"excerpt":{"rendered":"Nuestra planta de fabricaci\u00f3n, as\u00ed como las oficinas administrativas, se encuentran en Alcorc\u00f3n, (Madrid) en unas instalaciones de 10.000m2 que","protected":false},"author":4,"featured_media":37,"parent":0,"menu_order":0,"comment_status":"closed","ping_status":"closed","template":"","meta":{"footnotes":"","_links_to":"","_links_to_target":""},"class_list":["post-10","page","type-page","status-publish","has-post-thumbnail","hentry"],"yoast_head":"<!-- This site is optimized with the Yoast SEO plugin v27.3 - https:\/\/yoast.com\/product\/yoast-seo-wordpress\/ -->\n<title>Nuestras instalaciones &#8902; Laboratorios VIR<\/title>\n<meta name=\"robots\" content=\"index, follow, max-snippet:-1, max-image-preview:large, max-video-preview:-1\" \/>\n<link rel=\"canonical\" href=\"https:\/\/vir.es\/en\/instalaciones\/\" \/>\n<meta property=\"og:locale\" content=\"en_GB\" \/>\n<meta property=\"og:type\" content=\"article\" \/>\n<meta property=\"og:title\" content=\"Nuestras instalaciones &#8902; Laboratorios VIR\" \/>\n<meta property=\"og:description\" content=\"Nuestra planta de fabricaci\u00f3n, as\u00ed como las oficinas administrativas, se encuentran en Alcorc\u00f3n, (Madrid) en unas instalaciones de 10.000m2 que\" \/>\n<meta property=\"og:url\" content=\"https:\/\/vir.es\/en\/instalaciones\/\" \/>\n<meta property=\"og:site_name\" content=\"Laboratorios VIR\" \/>\n<meta property=\"article:publisher\" content=\"https:\/\/www.facebook.com\/LaboratoriosVIR\/?ref=bookmarks\" \/>\n<meta property=\"article:modified_time\" content=\"2019-04-26T14:21:03+00:00\" \/>\n<meta property=\"og:image\" content=\"https:\/\/vir.es\/wp-content\/uploads\/2017\/07\/instalaciones1.jpg\" \/>\n\t<meta property=\"og:image:width\" content=\"330\" \/>\n\t<meta property=\"og:image:height\" content=\"250\" \/>\n\t<meta property=\"og:image:type\" content=\"image\/jpeg\" \/>\n<meta name=\"twitter:card\" content=\"summary_large_image\" \/>\n<meta name=\"twitter:site\" content=\"@LaboratoriosVir\" \/>\n<script type=\"application\/ld+json\" class=\"yoast-schema-graph\">{\"@context\":\"https:\\\/\\\/schema.org\",\"@graph\":[{\"@type\":\"WebPage\",\"@id\":\"https:\\\/\\\/vir.es\\\/instalaciones\\\/\",\"url\":\"https:\\\/\\\/vir.es\\\/instalaciones\\\/\",\"name\":\"Nuestras instalaciones &#8902; Laboratorios VIR\",\"isPartOf\":{\"@id\":\"https:\\\/\\\/vir.es\\\/en\\\/#website\"},\"primaryImageOfPage\":{\"@id\":\"https:\\\/\\\/vir.es\\\/instalaciones\\\/#primaryimage\"},\"image\":{\"@id\":\"https:\\\/\\\/vir.es\\\/instalaciones\\\/#primaryimage\"},\"thumbnailUrl\":\"https:\\\/\\\/vir.es\\\/wp-content\\\/uploads\\\/2017\\\/07\\\/instalaciones1.jpg\",\"datePublished\":\"2017-07-31T15:39:35+00:00\",\"dateModified\":\"2019-04-26T14:21:03+00:00\",\"breadcrumb\":{\"@id\":\"https:\\\/\\\/vir.es\\\/instalaciones\\\/#breadcrumb\"},\"inLanguage\":\"en-GB\",\"potentialAction\":[{\"@type\":\"ReadAction\",\"target\":[\"https:\\\/\\\/vir.es\\\/instalaciones\\\/\"]}]},{\"@type\":\"ImageObject\",\"inLanguage\":\"en-GB\",\"@id\":\"https:\\\/\\\/vir.es\\\/instalaciones\\\/#primaryimage\",\"url\":\"https:\\\/\\\/vir.es\\\/wp-content\\\/uploads\\\/2017\\\/07\\\/instalaciones1.jpg\",\"contentUrl\":\"https:\\\/\\\/vir.es\\\/wp-content\\\/uploads\\\/2017\\\/07\\\/instalaciones1.jpg\",\"width\":330,\"height\":250},{\"@type\":\"BreadcrumbList\",\"@id\":\"https:\\\/\\\/vir.es\\\/instalaciones\\\/#breadcrumb\",\"itemListElement\":[{\"@type\":\"ListItem\",\"position\":1,\"name\":\"Home\",\"item\":\"https:\\\/\\\/vir.es\\\/\"},{\"@type\":\"ListItem\",\"position\":2,\"name\":\"Nuestras instalaciones\"}]},{\"@type\":\"WebSite\",\"@id\":\"https:\\\/\\\/vir.es\\\/en\\\/#website\",\"url\":\"https:\\\/\\\/vir.es\\\/en\\\/\",\"name\":\"Laboratorios VIR\",\"description\":\"\",\"publisher\":{\"@id\":\"https:\\\/\\\/vir.es\\\/en\\\/#organization\"},\"potentialAction\":[{\"@type\":\"SearchAction\",\"target\":{\"@type\":\"EntryPoint\",\"urlTemplate\":\"https:\\\/\\\/vir.es\\\/en\\\/?s={search_term_string}\"},\"query-input\":{\"@type\":\"PropertyValueSpecification\",\"valueRequired\":true,\"valueName\":\"search_term_string\"}}],\"inLanguage\":\"en-GB\"},{\"@type\":\"Organization\",\"@id\":\"https:\\\/\\\/vir.es\\\/en\\\/#organization\",\"name\":\"Industria Qu\u00edmica y Farmac\u00e9utica Vir\",\"url\":\"https:\\\/\\\/vir.es\\\/en\\\/\",\"logo\":{\"@type\":\"ImageObject\",\"inLanguage\":\"en-GB\",\"@id\":\"https:\\\/\\\/vir.es\\\/en\\\/#\\\/schema\\\/logo\\\/image\\\/\",\"url\":\"https:\\\/\\\/vir.es\\\/wp-content\\\/uploads\\\/2019\\\/03\\\/LOG.-DEF.-VIR-80-B.A.jpg\",\"contentUrl\":\"https:\\\/\\\/vir.es\\\/wp-content\\\/uploads\\\/2019\\\/03\\\/LOG.-DEF.-VIR-80-B.A.jpg\",\"width\":1012,\"height\":638,\"caption\":\"Industria Qu\u00edmica y Farmac\u00e9utica Vir\"},\"image\":{\"@id\":\"https:\\\/\\\/vir.es\\\/en\\\/#\\\/schema\\\/logo\\\/image\\\/\"},\"sameAs\":[\"https:\\\/\\\/www.facebook.com\\\/LaboratoriosVIR\\\/?ref=bookmarks\",\"https:\\\/\\\/x.com\\\/LaboratoriosVir\",\"https:\\\/\\\/www.instagram.com\\\/laboratoriosvir\\\/?hl=es\",\"https:\\\/\\\/www.linkedin.com\\\/company\\\/laboratoriosvir\\\/?viewAsMember=true\"]}]}<\/script>\n<!-- \/ Yoast SEO plugin. -->","yoast_head_json":{"title":"Nuestras instalaciones &#8902; Laboratorios VIR","robots":{"index":"index","follow":"follow","max-snippet":"max-snippet:-1","max-image-preview":"max-image-preview:large","max-video-preview":"max-video-preview:-1"},"canonical":"https:\/\/vir.es\/en\/instalaciones\/","og_locale":"en_GB","og_type":"article","og_title":"Nuestras instalaciones &#8902; Laboratorios VIR","og_description":"Nuestra planta de fabricaci\u00f3n, as\u00ed como las oficinas administrativas, se encuentran en Alcorc\u00f3n, (Madrid) en unas instalaciones de 10.000m2 que","og_url":"https:\/\/vir.es\/en\/instalaciones\/","og_site_name":"Laboratorios VIR","article_publisher":"https:\/\/www.facebook.com\/LaboratoriosVIR\/?ref=bookmarks","article_modified_time":"2019-04-26T14:21:03+00:00","og_image":[{"width":330,"height":250,"url":"https:\/\/vir.es\/wp-content\/uploads\/2017\/07\/instalaciones1.jpg","type":"image\/jpeg"}],"twitter_card":"summary_large_image","twitter_site":"@LaboratoriosVir","schema":{"@context":"https:\/\/schema.org","@graph":[{"@type":"WebPage","@id":"https:\/\/vir.es\/instalaciones\/","url":"https:\/\/vir.es\/instalaciones\/","name":"Nuestras instalaciones &#8902; Laboratorios VIR","isPartOf":{"@id":"https:\/\/vir.es\/en\/#website"},"primaryImageOfPage":{"@id":"https:\/\/vir.es\/instalaciones\/#primaryimage"},"image":{"@id":"https:\/\/vir.es\/instalaciones\/#primaryimage"},"thumbnailUrl":"https:\/\/vir.es\/wp-content\/uploads\/2017\/07\/instalaciones1.jpg","datePublished":"2017-07-31T15:39:35+00:00","dateModified":"2019-04-26T14:21:03+00:00","breadcrumb":{"@id":"https:\/\/vir.es\/instalaciones\/#breadcrumb"},"inLanguage":"en-GB","potentialAction":[{"@type":"ReadAction","target":["https:\/\/vir.es\/instalaciones\/"]}]},{"@type":"ImageObject","inLanguage":"en-GB","@id":"https:\/\/vir.es\/instalaciones\/#primaryimage","url":"https:\/\/vir.es\/wp-content\/uploads\/2017\/07\/instalaciones1.jpg","contentUrl":"https:\/\/vir.es\/wp-content\/uploads\/2017\/07\/instalaciones1.jpg","width":330,"height":250},{"@type":"BreadcrumbList","@id":"https:\/\/vir.es\/instalaciones\/#breadcrumb","itemListElement":[{"@type":"ListItem","position":1,"name":"Home","item":"https:\/\/vir.es\/"},{"@type":"ListItem","position":2,"name":"Nuestras instalaciones"}]},{"@type":"WebSite","@id":"https:\/\/vir.es\/en\/#website","url":"https:\/\/vir.es\/en\/","name":"Laboratorios VIR,","description":"","publisher":{"@id":"https:\/\/vir.es\/en\/#organization"},"potentialAction":[{"@type":"SearchAction","target":{"@type":"EntryPoint","urlTemplate":"https:\/\/vir.es\/en\/?s={search_term_string}"},"query-input":{"@type":"PropertyValueSpecification","valueRequired":true,"valueName":"search_term_string"}}],"inLanguage":"en-GB"},{"@type":"Organization","@id":"https:\/\/vir.es\/en\/#organization","name":"Industria Qu\u00edmica y Farmac\u00e9utica Vir","url":"https:\/\/vir.es\/en\/","logo":{"@type":"ImageObject","inLanguage":"en-GB","@id":"https:\/\/vir.es\/en\/#\/schema\/logo\/image\/","url":"https:\/\/vir.es\/wp-content\/uploads\/2019\/03\/LOG.-DEF.-VIR-80-B.A.jpg","contentUrl":"https:\/\/vir.es\/wp-content\/uploads\/2019\/03\/LOG.-DEF.-VIR-80-B.A.jpg","width":1012,"height":638,"caption":"Industria Qu\u00edmica y Farmac\u00e9utica Vir"},"image":{"@id":"https:\/\/vir.es\/en\/#\/schema\/logo\/image\/"},"sameAs":["https:\/\/www.facebook.com\/LaboratoriosVIR\/?ref=bookmarks","https:\/\/x.com\/LaboratoriosVir","https:\/\/www.instagram.com\/laboratoriosvir\/?hl=es","https:\/\/www.linkedin.com\/company\/laboratoriosvir\/?viewAsMember=true"]}]}},"_links":{"self":[{"href":"https:\/\/vir.es\/en\/wp-json\/wp\/v2\/pages\/10","targetHints":{"allow":["GET"]}}],"collection":[{"href":"https:\/\/vir.es\/en\/wp-json\/wp\/v2\/pages"}],"about":[{"href":"https:\/\/vir.es\/en\/wp-json\/wp\/v2\/types\/page"}],"author":[{"embeddable":true,"href":"https:\/\/vir.es\/en\/wp-json\/wp\/v2\/users\/4"}],"replies":[{"embeddable":true,"href":"https:\/\/vir.es\/en\/wp-json\/wp\/v2\/comments?post=10"}],"version-history":[{"count":28,"href":"https:\/\/vir.es\/en\/wp-json\/wp\/v2\/pages\/10\/revisions"}],"predecessor-version":[{"id":2263,"href":"https:\/\/vir.es\/en\/wp-json\/wp\/v2\/pages\/10\/revisions\/2263"}],"wp:featuredmedia":[{"embeddable":true,"href":"https:\/\/vir.es\/en\/wp-json\/wp\/v2\/media\/37"}],"wp:attachment":[{"href":"https:\/\/vir.es\/en\/wp-json\/wp\/v2\/media?parent=10"}],"curies":[{"name":"wp","href":"https:\/\/api.w.org\/{rel}","templated":true}]}}