{"id":14,"date":"2017-07-31T15:40:08","date_gmt":"2017-07-31T15:40:08","guid":{"rendered":"https:\/\/vir.es\/?page_id=14"},"modified":"2019-04-26T10:17:56","modified_gmt":"2019-04-26T10:17:56","slug":"formas-farmaceuticas","status":"publish","type":"page","link":"https:\/\/vir.es\/en\/formas-farmaceuticas\/","title":{"rendered":"Pharmaceutical specialties"},"content":{"rendered":"<section class=\"kc-elm kc-css-97717 kc_row\"><div class=\"kc-row-container  kc-container\"><div class=\"kc-wrap-columns\"><div class=\"kc-elm kc-css-562563 kc_column kc_col-sm-12\"><div class=\"kc-col-container\">\n<div class=\"kc-elm kc-css-453624 kc-title-wrap\">\n\n\t<h2 class=\"kc_title\">ORAL SOLIDS<\/h2>\n<\/div>\n<\/div><\/div><\/div><\/div><\/section><section class=\"kc-elm kc-css-174312 kc_row\"><div class=\"kc-row-container  kc-container\"><div class=\"kc-wrap-columns\"><div class=\"kc-elm kc-css-656738 kc_col-sm-4 kc_column kc_col-sm-4\"><div class=\"kc-col-container\"><div class=\"kc-elm kc-css-677881 kc_shortcode kc_single_image hoversizeimg\">\n\n        <img decoding=\"async\" src=\"https:\/\/vir.es\/wp-content\/uploads\/2019\/04\/FF-1-1-comprimidos-150x150-200x200xc.jpg\" class=\"\" alt=\"\" \/>    <\/div>\n<div class=\"kc-elm kc-css-943453\" style=\"height: 20px; clear: both; width:100%;\"><\/div>\n<div class=\"kc-elm kc-css-768622 kc-title-wrap\">\n\n\t<h2 class=\"kc_title\">TABLETS<\/h2>\n<\/div>\n<div class=\"kc-elm kc-css-313221 kc_text_block\"><p style=\"text-align: center;\">We manufacture more than 1500 million tablets a year, including our own products\nand third parties products.<\/p>\n<\/div><\/div><\/div><div class=\"kc-elm kc-css-604540 kc_col-sm-4 kc_column kc_col-sm-4\"><div class=\"kc-col-container\"><div class=\"kc-elm kc-css-91448 kc_shortcode kc_single_image hoversizeimg\">\n\n        <img decoding=\"async\" src=\"https:\/\/vir.es\/wp-content\/uploads\/2019\/04\/FF-1-2-capsulas-150x150-200x200xc.jpg\" class=\"\" alt=\"\" \/>    <\/div>\n<div class=\"kc-elm kc-css-510727\" style=\"height: 20px; clear: both; width:100%;\"><\/div>\n<div class=\"kc-elm kc-css-11209 kc-title-wrap\">\n\n\t<h2 class=\"kc_title\">CAPSULES<\/h2>\n<\/div>\n<div class=\"kc-elm kc-css-756408 kc_text_block\"><p style=\"text-align: center;\">Encapsulation refers to a range of dosage forms\u2014techniques used to enclose\nmedicines\u2014in a relatively stable shell known as a capsule, allowing them to, for\nexample, be taken orally or be used as suppositories.\nWe produce more than 1 billion units per year<\/p>\n<\/div><\/div><\/div><div class=\"kc-elm kc-css-946026 kc_col-sm-4 kc_column kc_col-sm-4\"><div class=\"kc-col-container\"><div class=\"kc-elm kc-css-714501 kc_shortcode kc_single_image hoversizeimg\">\n\n        <img decoding=\"async\" src=\"https:\/\/vir.es\/wp-content\/uploads\/2019\/04\/FF-1-3-acondicionamiento-150x150-200x200xc.jpg\" class=\"\" alt=\"\" \/>    <\/div>\n<div class=\"kc-elm kc-css-780799\" style=\"height: 20px; clear: both; width:100%;\"><\/div>\n<div class=\"kc-elm kc-css-193112 kc-title-wrap\">\n\n\t<h2 class=\"kc_title\">CONDITIONING<\/h2>\n<\/div>\n<div class=\"kc-elm kc-css-567580 kc_text_block\"><p style=\"text-align: center;\">We have 9 independent lines for Primary Conditioning processes.<\/p>\n<\/div><\/div><\/div><\/div><\/div><\/section><section class=\"kc-elm kc-css-285838 kc_row\"><div class=\"kc-row-container  kc-container\"><div class=\"kc-wrap-columns\"><div class=\"kc-elm kc-css-514986 kc_column kc_col-sm-12\"><div class=\"kc-col-container\"><div class=\"kc-elm kc-css-940980\" style=\"height: 20px; clear: both; width:100%;\"><\/div>\n<div class=\"kc-elm kc-css-75827 kc-title-wrap\">\n\n\t<h2 class=\"kc_title\">ORAL LIQUIDS<\/h2>\n<\/div>\n<\/div><\/div><\/div><\/div><\/section><section class=\"kc-elm kc-css-81026 kc_row\"><div class=\"kc-row-container  kc-container\"><div class=\"kc-wrap-columns\"><div class=\"kc-elm kc-css-600951 kc_col-sm-4 kc_column kc_col-sm-4\"><div class=\"kc-col-container\"><div class=\"kc-elm kc-css-913939 kc_shortcode kc_single_image hoversizeimg\">\n\n        <img decoding=\"async\" src=\"https:\/\/vir.es\/wp-content\/uploads\/2019\/04\/FF-2-1-soluciones-150x150-200x200xc.jpg\" class=\"\" alt=\"\" \/>    <\/div>\n<div class=\"kc-elm kc-css-352087\" style=\"height: 20px; clear: both; width:100%;\"><\/div>\n<div class=\"kc-elm kc-css-544626 kc-title-wrap\">\n\n\t<h2 class=\"kc_title\">ORAL SOLUTIONS<\/h2>\n<\/div>\n<div class=\"kc-elm kc-css-211847 kc_text_block\"><p style=\"text-align: center;\">A solution is a special type of homogeneous mixture composed of two or more\nsubstances. In such a mixture, a solute is a substance dissolved in another substance,\nknown as a solvent.<\/p>\n<\/div><\/div><\/div><div class=\"kc-elm kc-css-261976 kc_col-sm-4 kc_column kc_col-sm-4\"><div class=\"kc-col-container\"><div class=\"kc-elm kc-css-992666 kc_shortcode kc_single_image hoversizeimg\">\n\n        <img decoding=\"async\" src=\"https:\/\/vir.es\/wp-content\/uploads\/2019\/04\/FF-2-2-suspensiones-150x150-200x200xc.jpg\" class=\"\" alt=\"\" \/>    <\/div>\n<div class=\"kc-elm kc-css-66821\" style=\"height: 20px; clear: both; width:100%;\"><\/div>\n<div class=\"kc-elm kc-css-906323 kc-title-wrap\">\n\n\t<h2 class=\"kc_title\">SUSPENSIONS AND SIROPES<\/h2>\n<\/div>\n<div class=\"kc-elm kc-css-407325 kc_text_block\"><p style=\"text-align: center;\">A suspension is a heterogeneous mixture that contains solid particles sufficiently\nlarge for sedimentation. The particles may be visible to the naked eye, usually must\nbe larger than one micrometer, and will eventually settle, although the mixture is\nonly classified as a suspension when and while the particles have not settled out.<\/p>\n<\/div><\/div><\/div><div class=\"kc-elm kc-css-221613 kc_col-sm-4 kc_column kc_col-sm-4\"><div class=\"kc-col-container\"><div class=\"kc-elm kc-css-889393 kc_shortcode kc_single_image hoversizeimg\">\n\n        <img decoding=\"async\" src=\"https:\/\/vir.es\/wp-content\/uploads\/2019\/04\/FF-2-3-acondicionado-150x150-200x200xc.jpg\" class=\"\" alt=\"\" \/>    <\/div>\n<div class=\"kc-elm kc-css-657321\" style=\"height: 20px; clear: both; width:100%;\"><\/div>\n<div class=\"kc-elm kc-css-435610 kc-title-wrap\">\n\n\t<h2 class=\"kc_title\">CONDITIONING<\/h2>\n<\/div>\n<div class=\"kc-elm kc-css-600182 kc_text_block\"><p style=\"text-align: center;\">We have 2 independent rooms for primary conditioning processes of more than\n25,000 units of oral liquids in the form of bottles and stick packs.<\/p>\n<\/div><\/div><\/div><\/div><\/div><\/section><section class=\"kc-elm kc-css-527219 kc_row\"><div class=\"kc-row-container  kc-container\"><div class=\"kc-wrap-columns\"><div class=\"kc-elm kc-css-318721 kc_column kc_col-sm-12\"><div class=\"kc-col-container\"><div class=\"kc-elm kc-css-320386\" style=\"height: 20px; clear: both; width:100%;\"><\/div>\n<div class=\"kc-elm kc-css-148483 kc-title-wrap\">\n\n\t<h2 class=\"kc_title\">SEMI-SOLIDS<\/h2>\n<\/div>\n<\/div><\/div><\/div><\/div><\/section><section class=\"kc-elm kc-css-619571 kc_row\"><div class=\"kc-row-container  kc-container\"><div class=\"kc-wrap-columns\"><div class=\"kc-elm kc-css-180905 kc_col-sm-4 kc_column kc_col-sm-4\"><div class=\"kc-col-container\"><div class=\"kc-elm kc-css-565677 kc_shortcode kc_single_image hoversizeimg\">\n\n        <img decoding=\"async\" src=\"https:\/\/vir.es\/wp-content\/uploads\/2019\/04\/FF-3-1-pomadas-150x150-200x200xc.jpg\" class=\"\" alt=\"\" \/>    <\/div>\n<div class=\"kc-elm kc-css-794309\" style=\"height: 20px; clear: both; width:100%;\"><\/div>\n<div class=\"kc-elm kc-css-41495 kc-title-wrap\">\n\n\t<h2 class=\"kc_title\">POMADES<\/h2>\n<\/div>\n<div class=\"kc-elm kc-css-924832 kc_text_block\"><p style=\"text-align: center;\">The filling machines of Laboratorios Vir have a manufacturing capacity of about 9,600\nsemi-solid tubes per hour.<\/p>\n<\/div><\/div><\/div><div class=\"kc-elm kc-css-941287 kc_col-sm-4 kc_column kc_col-sm-4\"><div class=\"kc-col-container\"><div class=\"kc-elm kc-css-168807 kc_shortcode kc_single_image hoversizeimg\">\n\n        <img decoding=\"async\" src=\"https:\/\/vir.es\/wp-content\/uploads\/2019\/04\/FF-3-2-geles-150x150-200x200xc.jpg\" class=\"\" alt=\"\" \/>    <\/div>\n<div class=\"kc-elm kc-css-556601\" style=\"height: 20px; clear: both; width:100%;\"><\/div>\n<div class=\"kc-elm kc-css-44781 kc-title-wrap\">\n\n\t<h2 class=\"kc_title\">GELS<\/h2>\n<\/div>\n<div class=\"kc-elm kc-css-631856 kc_text_block\"><p style=\"text-align: center;\">A gel is a semi-solid substance material which usually wobbles.\nBy weight, gels are mostly liquid. But gels also behave like solids. They have a three -\ndimensional cross-linked network within the liquid. It is the crosslinks in the fluid\nthat give a gel its structure.<\/p>\n<\/div><\/div><\/div><div class=\"kc-elm kc-css-434371 kc_col-sm-4 kc_column kc_col-sm-4\"><div class=\"kc-col-container\"><div class=\"kc-elm kc-css-487434 kc_shortcode kc_single_image hoversizeimg\">\n\n        <img decoding=\"async\" src=\"https:\/\/vir.es\/wp-content\/uploads\/2019\/04\/FF-3-3-acondicionado-150x150-200x200xc.jpg\" class=\"\" alt=\"\" \/>    <\/div>\n<div class=\"kc-elm kc-css-819175\" style=\"height: 20px; clear: both; width:100%;\"><\/div>\n<div class=\"kc-elm kc-css-626126 kc-title-wrap\">\n\n\t<h2 class=\"kc_title\">CONDITIONING<\/h2>\n<\/div>\n<div class=\"kc-elm kc-css-759612 kc_text_block\"><p style=\"text-align: center;\">The laboratory has two filling areas for oral solutions under laminar flow with SAS for\nthe entry of independent personnel and material, and with the possibility of dosing\nvolumes from 5 mL to 375 ml.<\/p>\n<\/div><\/div><\/div><\/div><\/div><\/section>","protected":false},"excerpt":{"rendered":"S\u00d3LIDOS ORALES COMPRIMIDOS Fabricamos m\u00e1s de 1500 millones de comprimidos al a\u00f1o, incluyendo productos propios y para terceros. C\u00c1PSULAS Producimos","protected":false},"author":4,"featured_media":36,"parent":0,"menu_order":0,"comment_status":"closed","ping_status":"closed","template":"","meta":{"footnotes":"","_links_to":"","_links_to_target":""},"class_list":["post-14","page","type-page","status-publish","has-post-thumbnail","hentry"],"yoast_head":"<!-- This site is optimized with the Yoast SEO plugin v27.3 - https:\/\/yoast.com\/product\/yoast-seo-wordpress\/ -->\n<title>Formas farmac\u00e9uticas &#8902; Laboratorios VIR<\/title>\n<meta name=\"robots\" content=\"index, follow, max-snippet:-1, max-image-preview:large, max-video-preview:-1\" \/>\n<link rel=\"canonical\" href=\"https:\/\/vir.es\/en\/formas-farmaceuticas\/\" \/>\n<meta property=\"og:locale\" content=\"en_GB\" \/>\n<meta property=\"og:type\" content=\"article\" \/>\n<meta property=\"og:title\" content=\"Formas farmac\u00e9uticas &#8902; Laboratorios VIR\" \/>\n<meta property=\"og:description\" content=\"S\u00d3LIDOS ORALES COMPRIMIDOS Fabricamos m\u00e1s de 1500 millones de comprimidos al a\u00f1o, incluyendo productos propios y para terceros. C\u00c1PSULAS Producimos\" \/>\n<meta property=\"og:url\" content=\"https:\/\/vir.es\/en\/formas-farmaceuticas\/\" \/>\n<meta property=\"og:site_name\" content=\"Laboratorios VIR\" \/>\n<meta property=\"article:publisher\" content=\"https:\/\/www.facebook.com\/LaboratoriosVIR\/?ref=bookmarks\" \/>\n<meta property=\"article:modified_time\" content=\"2019-04-26T10:17:56+00:00\" \/>\n<meta property=\"og:image\" content=\"https:\/\/vir.es\/wp-content\/uploads\/2017\/07\/formas.jpg\" \/>\n\t<meta property=\"og:image:width\" content=\"340\" \/>\n\t<meta property=\"og:image:height\" content=\"255\" \/>\n\t<meta property=\"og:image:type\" content=\"image\/jpeg\" \/>\n<meta name=\"twitter:card\" content=\"summary_large_image\" \/>\n<meta name=\"twitter:site\" content=\"@LaboratoriosVir\" \/>\n<meta name=\"twitter:label1\" content=\"Estimated reading time\" \/>\n\t<meta name=\"twitter:data1\" content=\"1 minute\" \/>\n<script type=\"application\/ld+json\" class=\"yoast-schema-graph\">{\"@context\":\"https:\\\/\\\/schema.org\",\"@graph\":[{\"@type\":\"WebPage\",\"@id\":\"https:\\\/\\\/vir.es\\\/en\\\/formas-farmaceuticas\\\/\",\"url\":\"https:\\\/\\\/vir.es\\\/en\\\/formas-farmaceuticas\\\/\",\"name\":\"Formas farmac\u00e9uticas &#8902; Laboratorios VIR\",\"isPartOf\":{\"@id\":\"https:\\\/\\\/vir.es\\\/en\\\/#website\"},\"primaryImageOfPage\":{\"@id\":\"https:\\\/\\\/vir.es\\\/en\\\/formas-farmaceuticas\\\/#primaryimage\"},\"image\":{\"@id\":\"https:\\\/\\\/vir.es\\\/en\\\/formas-farmaceuticas\\\/#primaryimage\"},\"thumbnailUrl\":\"https:\\\/\\\/vir.es\\\/wp-content\\\/uploads\\\/2017\\\/07\\\/formas.jpg\",\"datePublished\":\"2017-07-31T15:40:08+00:00\",\"dateModified\":\"2019-04-26T10:17:56+00:00\",\"breadcrumb\":{\"@id\":\"https:\\\/\\\/vir.es\\\/en\\\/formas-farmaceuticas\\\/#breadcrumb\"},\"inLanguage\":\"en-GB\",\"potentialAction\":[{\"@type\":\"ReadAction\",\"target\":[\"https:\\\/\\\/vir.es\\\/en\\\/formas-farmaceuticas\\\/\"]}]},{\"@type\":\"ImageObject\",\"inLanguage\":\"en-GB\",\"@id\":\"https:\\\/\\\/vir.es\\\/en\\\/formas-farmaceuticas\\\/#primaryimage\",\"url\":\"https:\\\/\\\/vir.es\\\/wp-content\\\/uploads\\\/2017\\\/07\\\/formas.jpg\",\"contentUrl\":\"https:\\\/\\\/vir.es\\\/wp-content\\\/uploads\\\/2017\\\/07\\\/formas.jpg\",\"width\":340,\"height\":255},{\"@type\":\"BreadcrumbList\",\"@id\":\"https:\\\/\\\/vir.es\\\/en\\\/formas-farmaceuticas\\\/#breadcrumb\",\"itemListElement\":[{\"@type\":\"ListItem\",\"position\":1,\"name\":\"Home\",\"item\":\"https:\\\/\\\/vir.es\\\/\"},{\"@type\":\"ListItem\",\"position\":2,\"name\":\"Formas farmac\u00e9uticas\"}]},{\"@type\":\"WebSite\",\"@id\":\"https:\\\/\\\/vir.es\\\/en\\\/#website\",\"url\":\"https:\\\/\\\/vir.es\\\/en\\\/\",\"name\":\"Laboratorios VIR\",\"description\":\"\",\"publisher\":{\"@id\":\"https:\\\/\\\/vir.es\\\/en\\\/#organization\"},\"potentialAction\":[{\"@type\":\"SearchAction\",\"target\":{\"@type\":\"EntryPoint\",\"urlTemplate\":\"https:\\\/\\\/vir.es\\\/en\\\/?s={search_term_string}\"},\"query-input\":{\"@type\":\"PropertyValueSpecification\",\"valueRequired\":true,\"valueName\":\"search_term_string\"}}],\"inLanguage\":\"en-GB\"},{\"@type\":\"Organization\",\"@id\":\"https:\\\/\\\/vir.es\\\/en\\\/#organization\",\"name\":\"Industria Qu\u00edmica y Farmac\u00e9utica Vir\",\"url\":\"https:\\\/\\\/vir.es\\\/en\\\/\",\"logo\":{\"@type\":\"ImageObject\",\"inLanguage\":\"en-GB\",\"@id\":\"https:\\\/\\\/vir.es\\\/en\\\/#\\\/schema\\\/logo\\\/image\\\/\",\"url\":\"https:\\\/\\\/vir.es\\\/wp-content\\\/uploads\\\/2019\\\/03\\\/LOG.-DEF.-VIR-80-B.A.jpg\",\"contentUrl\":\"https:\\\/\\\/vir.es\\\/wp-content\\\/uploads\\\/2019\\\/03\\\/LOG.-DEF.-VIR-80-B.A.jpg\",\"width\":1012,\"height\":638,\"caption\":\"Industria Qu\u00edmica y Farmac\u00e9utica Vir\"},\"image\":{\"@id\":\"https:\\\/\\\/vir.es\\\/en\\\/#\\\/schema\\\/logo\\\/image\\\/\"},\"sameAs\":[\"https:\\\/\\\/www.facebook.com\\\/LaboratoriosVIR\\\/?ref=bookmarks\",\"https:\\\/\\\/x.com\\\/LaboratoriosVir\",\"https:\\\/\\\/www.instagram.com\\\/laboratoriosvir\\\/?hl=es\",\"https:\\\/\\\/www.linkedin.com\\\/company\\\/laboratoriosvir\\\/?viewAsMember=true\"]}]}<\/script>\n<!-- \/ Yoast SEO plugin. -->","yoast_head_json":{"title":"Formas farmac\u00e9uticas &#8902; Laboratorios VIR","robots":{"index":"index","follow":"follow","max-snippet":"max-snippet:-1","max-image-preview":"max-image-preview:large","max-video-preview":"max-video-preview:-1"},"canonical":"https:\/\/vir.es\/en\/formas-farmaceuticas\/","og_locale":"en_GB","og_type":"article","og_title":"Formas farmac\u00e9uticas &#8902; Laboratorios VIR","og_description":"S\u00d3LIDOS ORALES COMPRIMIDOS Fabricamos m\u00e1s de 1500 millones de comprimidos al a\u00f1o, incluyendo productos propios y para terceros. C\u00c1PSULAS Producimos","og_url":"https:\/\/vir.es\/en\/formas-farmaceuticas\/","og_site_name":"Laboratorios VIR","article_publisher":"https:\/\/www.facebook.com\/LaboratoriosVIR\/?ref=bookmarks","article_modified_time":"2019-04-26T10:17:56+00:00","og_image":[{"width":340,"height":255,"url":"https:\/\/vir.es\/wp-content\/uploads\/2017\/07\/formas.jpg","type":"image\/jpeg"}],"twitter_card":"summary_large_image","twitter_site":"@LaboratoriosVir","twitter_misc":{"Estimated reading time":"1 minute"},"schema":{"@context":"https:\/\/schema.org","@graph":[{"@type":"WebPage","@id":"https:\/\/vir.es\/en\/formas-farmaceuticas\/","url":"https:\/\/vir.es\/en\/formas-farmaceuticas\/","name":"Formas farmac\u00e9uticas &#8902; Laboratorios VIR","isPartOf":{"@id":"https:\/\/vir.es\/en\/#website"},"primaryImageOfPage":{"@id":"https:\/\/vir.es\/en\/formas-farmaceuticas\/#primaryimage"},"image":{"@id":"https:\/\/vir.es\/en\/formas-farmaceuticas\/#primaryimage"},"thumbnailUrl":"https:\/\/vir.es\/wp-content\/uploads\/2017\/07\/formas.jpg","datePublished":"2017-07-31T15:40:08+00:00","dateModified":"2019-04-26T10:17:56+00:00","breadcrumb":{"@id":"https:\/\/vir.es\/en\/formas-farmaceuticas\/#breadcrumb"},"inLanguage":"en-GB","potentialAction":[{"@type":"ReadAction","target":["https:\/\/vir.es\/en\/formas-farmaceuticas\/"]}]},{"@type":"ImageObject","inLanguage":"en-GB","@id":"https:\/\/vir.es\/en\/formas-farmaceuticas\/#primaryimage","url":"https:\/\/vir.es\/wp-content\/uploads\/2017\/07\/formas.jpg","contentUrl":"https:\/\/vir.es\/wp-content\/uploads\/2017\/07\/formas.jpg","width":340,"height":255},{"@type":"BreadcrumbList","@id":"https:\/\/vir.es\/en\/formas-farmaceuticas\/#breadcrumb","itemListElement":[{"@type":"ListItem","position":1,"name":"Home","item":"https:\/\/vir.es\/"},{"@type":"ListItem","position":2,"name":"Formas farmac\u00e9uticas"}]},{"@type":"WebSite","@id":"https:\/\/vir.es\/en\/#website","url":"https:\/\/vir.es\/en\/","name":"Laboratorios VIR,","description":"","publisher":{"@id":"https:\/\/vir.es\/en\/#organization"},"potentialAction":[{"@type":"SearchAction","target":{"@type":"EntryPoint","urlTemplate":"https:\/\/vir.es\/en\/?s={search_term_string}"},"query-input":{"@type":"PropertyValueSpecification","valueRequired":true,"valueName":"search_term_string"}}],"inLanguage":"en-GB"},{"@type":"Organization","@id":"https:\/\/vir.es\/en\/#organization","name":"Industria Qu\u00edmica y Farmac\u00e9utica Vir","url":"https:\/\/vir.es\/en\/","logo":{"@type":"ImageObject","inLanguage":"en-GB","@id":"https:\/\/vir.es\/en\/#\/schema\/logo\/image\/","url":"https:\/\/vir.es\/wp-content\/uploads\/2019\/03\/LOG.-DEF.-VIR-80-B.A.jpg","contentUrl":"https:\/\/vir.es\/wp-content\/uploads\/2019\/03\/LOG.-DEF.-VIR-80-B.A.jpg","width":1012,"height":638,"caption":"Industria Qu\u00edmica y Farmac\u00e9utica Vir"},"image":{"@id":"https:\/\/vir.es\/en\/#\/schema\/logo\/image\/"},"sameAs":["https:\/\/www.facebook.com\/LaboratoriosVIR\/?ref=bookmarks","https:\/\/x.com\/LaboratoriosVir","https:\/\/www.instagram.com\/laboratoriosvir\/?hl=es","https:\/\/www.linkedin.com\/company\/laboratoriosvir\/?viewAsMember=true"]}]}},"_links":{"self":[{"href":"https:\/\/vir.es\/en\/wp-json\/wp\/v2\/pages\/14","targetHints":{"allow":["GET"]}}],"collection":[{"href":"https:\/\/vir.es\/en\/wp-json\/wp\/v2\/pages"}],"about":[{"href":"https:\/\/vir.es\/en\/wp-json\/wp\/v2\/types\/page"}],"author":[{"embeddable":true,"href":"https:\/\/vir.es\/en\/wp-json\/wp\/v2\/users\/4"}],"replies":[{"embeddable":true,"href":"https:\/\/vir.es\/en\/wp-json\/wp\/v2\/comments?post=14"}],"version-history":[{"count":64,"href":"https:\/\/vir.es\/en\/wp-json\/wp\/v2\/pages\/14\/revisions"}],"predecessor-version":[{"id":2244,"href":"https:\/\/vir.es\/en\/wp-json\/wp\/v2\/pages\/14\/revisions\/2244"}],"wp:featuredmedia":[{"embeddable":true,"href":"https:\/\/vir.es\/en\/wp-json\/wp\/v2\/media\/36"}],"wp:attachment":[{"href":"https:\/\/vir.es\/en\/wp-json\/wp\/v2\/media?parent=14"}],"curies":[{"name":"wp","href":"https:\/\/api.w.org\/{rel}","templated":true}]}}