{"id":422,"date":"2017-11-24T15:33:13","date_gmt":"2017-11-24T15:33:13","guid":{"rendered":"https:\/\/vir.es\/?page_id=422"},"modified":"2023-08-11T12:01:55","modified_gmt":"2023-08-11T11:01:55","slug":"comercializacion-y-distribucion","status":"publish","type":"page","link":"https:\/\/vir.es\/en\/comercializacion-y-distribucion\/","title":{"rendered":"Trade and supply"},"content":{"rendered":"<section class=\"kc-elm kc-css-35108 kc_row\"><div class=\"kc-row-container  kc-container\"><div class=\"kc-wrap-columns\"><div class=\"kc-elm kc-css-193585 kc_col-sm-12 kc_column kc_col-sm-12\"><div class=\"kc-col-container\"><div class=\"kc-elm kc_text_block\"><p style=\"text-align: justify;\">We have commercial offices in Spain and Portugal, and during the last years, we have reached manufacturing and distribution agreements with important pharmaceutical multinationals in a clear commitment to the international expansion of VIR`S brand.<\/p>\n<p><img loading=\"lazy\" decoding=\"async\" class=\"aligncenter size-full wp-image-423\" src=\"https:\/\/vir.es\/wp-content\/uploads\/2020\/02\/MAPA_INGLES_LABO_VIR_29012020.png\" alt=\"\" width=\"1200\" height=\"800\" \/><br \/>\nSince its inception, Industria Qu\u00edmica y Farmac\u00e9utica VIR has always had its sights set\non international markets, trying to take its products to different parts of the world.\nFor this purpose, it has been able to adapt its development and facilities to the\ndifferent requirements demanded by the different International Health Authorities.<\/p>\n<p>This expansion began more than 30 years ago with the registration of its medicines in\nCuba and the Dominican Republic. The next step took place in 2006, with the\nconstitution of VIR Portugal, thus opening the door not only of the neighboring\ncountry's market, but also of the Brazilian market and former Portuguese colonies\nmarkets.<\/p>\n<p>En la actualidad, Industria Qu\u00edmica y Farmac\u00e9utica VIR est\u00e1 presente en m\u00e1s de 20 pa\u00edses del mundo, combinando el registro de sus medicamentos con acuerdos de licencia y suministro de su propia tecnolog\u00eda, con distintas compa\u00f1\u00edas farmac\u00e9uticas internacionales. Para m\u00e1s informaci\u00f3n puede ponerse en contacto con\u00a0<b><a href=\"mailto:alejandro.gamez@vir.es\" rel=\"noreferrer\" style=\"color:#000\">rodrigo.herrera@vir.es<\/a><\/b><\/p>\n<\/div><\/div><\/div><\/div><\/div><\/section>","protected":false},"excerpt":{"rendered":"Contamos con oficinas comerciales en Espa\u00f1a y Portugal y durante los \u00faltimos a\u00f1os se han alcanzado acuerdos de fabricaci\u00f3n y","protected":false},"author":4,"featured_media":0,"parent":0,"menu_order":0,"comment_status":"closed","ping_status":"closed","template":"","meta":{"footnotes":"","_links_to":"","_links_to_target":""},"class_list":["post-422","page","type-page","status-publish","hentry"],"yoast_head":"<!-- This site is optimized with the Yoast SEO plugin v27.3 - https:\/\/yoast.com\/product\/yoast-seo-wordpress\/ -->\n<title>Comercializaci\u00f3n y distribuci\u00f3n &#8902; Laboratorios VIR<\/title>\n<meta name=\"robots\" content=\"index, follow, max-snippet:-1, max-image-preview:large, max-video-preview:-1\" \/>\n<link rel=\"canonical\" href=\"https:\/\/vir.es\/en\/comercializacion-y-distribucion\/\" \/>\n<meta property=\"og:locale\" content=\"en_GB\" \/>\n<meta property=\"og:type\" content=\"article\" \/>\n<meta property=\"og:title\" content=\"Comercializaci\u00f3n y distribuci\u00f3n &#8902; Laboratorios VIR\" \/>\n<meta property=\"og:url\" content=\"https:\/\/vir.es\/en\/comercializacion-y-distribucion\/\" \/>\n<meta property=\"og:site_name\" content=\"Laboratorios VIR\" \/>\n<meta property=\"article:publisher\" content=\"https:\/\/www.facebook.com\/LaboratoriosVIR\/?ref=bookmarks\" \/>\n<meta property=\"article:modified_time\" content=\"2023-08-11T11:01:55+00:00\" \/>\n<meta property=\"og:image\" content=\"https:\/\/vir.es\/wp-content\/uploads\/2020\/02\/MAPA-LABO_VIR_23012020.png\" \/>\n<meta name=\"twitter:card\" content=\"summary_large_image\" \/>\n<meta name=\"twitter:site\" content=\"@LaboratoriosVir\" \/>\n<meta name=\"twitter:label1\" content=\"Estimated reading time\" \/>\n\t<meta name=\"twitter:data1\" content=\"2 minutes\" \/>\n<script type=\"application\/ld+json\" class=\"yoast-schema-graph\">{\"@context\":\"https:\\\/\\\/schema.org\",\"@graph\":[{\"@type\":\"WebPage\",\"@id\":\"https:\\\/\\\/vir.es\\\/comercializacion-y-distribucion\\\/\",\"url\":\"https:\\\/\\\/vir.es\\\/comercializacion-y-distribucion\\\/\",\"name\":\"Comercializaci\u00f3n y distribuci\u00f3n &#8902; Laboratorios VIR\",\"isPartOf\":{\"@id\":\"https:\\\/\\\/vir.es\\\/en\\\/#website\"},\"primaryImageOfPage\":{\"@id\":\"https:\\\/\\\/vir.es\\\/comercializacion-y-distribucion\\\/#primaryimage\"},\"image\":{\"@id\":\"https:\\\/\\\/vir.es\\\/comercializacion-y-distribucion\\\/#primaryimage\"},\"thumbnailUrl\":\"https:\\\/\\\/vir.es\\\/wp-content\\\/uploads\\\/2020\\\/02\\\/MAPA-LABO_VIR_23012020.png\",\"datePublished\":\"2017-11-24T15:33:13+00:00\",\"dateModified\":\"2023-08-11T11:01:55+00:00\",\"breadcrumb\":{\"@id\":\"https:\\\/\\\/vir.es\\\/comercializacion-y-distribucion\\\/#breadcrumb\"},\"inLanguage\":\"en-GB\",\"potentialAction\":[{\"@type\":\"ReadAction\",\"target\":[\"https:\\\/\\\/vir.es\\\/comercializacion-y-distribucion\\\/\"]}]},{\"@type\":\"ImageObject\",\"inLanguage\":\"en-GB\",\"@id\":\"https:\\\/\\\/vir.es\\\/comercializacion-y-distribucion\\\/#primaryimage\",\"url\":\"https:\\\/\\\/vir.es\\\/wp-content\\\/uploads\\\/2020\\\/02\\\/MAPA-LABO_VIR_23012020.png\",\"contentUrl\":\"https:\\\/\\\/vir.es\\\/wp-content\\\/uploads\\\/2020\\\/02\\\/MAPA-LABO_VIR_23012020.png\"},{\"@type\":\"BreadcrumbList\",\"@id\":\"https:\\\/\\\/vir.es\\\/comercializacion-y-distribucion\\\/#breadcrumb\",\"itemListElement\":[{\"@type\":\"ListItem\",\"position\":1,\"name\":\"Home\",\"item\":\"https:\\\/\\\/vir.es\\\/\"},{\"@type\":\"ListItem\",\"position\":2,\"name\":\"Comercializaci\u00f3n y distribuci\u00f3n\"}]},{\"@type\":\"WebSite\",\"@id\":\"https:\\\/\\\/vir.es\\\/en\\\/#website\",\"url\":\"https:\\\/\\\/vir.es\\\/en\\\/\",\"name\":\"Laboratorios VIR\",\"description\":\"\",\"publisher\":{\"@id\":\"https:\\\/\\\/vir.es\\\/en\\\/#organization\"},\"potentialAction\":[{\"@type\":\"SearchAction\",\"target\":{\"@type\":\"EntryPoint\",\"urlTemplate\":\"https:\\\/\\\/vir.es\\\/en\\\/?s={search_term_string}\"},\"query-input\":{\"@type\":\"PropertyValueSpecification\",\"valueRequired\":true,\"valueName\":\"search_term_string\"}}],\"inLanguage\":\"en-GB\"},{\"@type\":\"Organization\",\"@id\":\"https:\\\/\\\/vir.es\\\/en\\\/#organization\",\"name\":\"Industria Qu\u00edmica y Farmac\u00e9utica Vir\",\"url\":\"https:\\\/\\\/vir.es\\\/en\\\/\",\"logo\":{\"@type\":\"ImageObject\",\"inLanguage\":\"en-GB\",\"@id\":\"https:\\\/\\\/vir.es\\\/en\\\/#\\\/schema\\\/logo\\\/image\\\/\",\"url\":\"https:\\\/\\\/vir.es\\\/wp-content\\\/uploads\\\/2019\\\/03\\\/LOG.-DEF.-VIR-80-B.A.jpg\",\"contentUrl\":\"https:\\\/\\\/vir.es\\\/wp-content\\\/uploads\\\/2019\\\/03\\\/LOG.-DEF.-VIR-80-B.A.jpg\",\"width\":1012,\"height\":638,\"caption\":\"Industria Qu\u00edmica y Farmac\u00e9utica Vir\"},\"image\":{\"@id\":\"https:\\\/\\\/vir.es\\\/en\\\/#\\\/schema\\\/logo\\\/image\\\/\"},\"sameAs\":[\"https:\\\/\\\/www.facebook.com\\\/LaboratoriosVIR\\\/?ref=bookmarks\",\"https:\\\/\\\/x.com\\\/LaboratoriosVir\",\"https:\\\/\\\/www.instagram.com\\\/laboratoriosvir\\\/?hl=es\",\"https:\\\/\\\/www.linkedin.com\\\/company\\\/laboratoriosvir\\\/?viewAsMember=true\"]}]}<\/script>\n<!-- \/ Yoast SEO plugin. -->","yoast_head_json":{"title":"Comercializaci\u00f3n y distribuci\u00f3n &#8902; Laboratorios VIR","robots":{"index":"index","follow":"follow","max-snippet":"max-snippet:-1","max-image-preview":"max-image-preview:large","max-video-preview":"max-video-preview:-1"},"canonical":"https:\/\/vir.es\/en\/comercializacion-y-distribucion\/","og_locale":"en_GB","og_type":"article","og_title":"Comercializaci\u00f3n y distribuci\u00f3n &#8902; Laboratorios VIR","og_url":"https:\/\/vir.es\/en\/comercializacion-y-distribucion\/","og_site_name":"Laboratorios VIR","article_publisher":"https:\/\/www.facebook.com\/LaboratoriosVIR\/?ref=bookmarks","article_modified_time":"2023-08-11T11:01:55+00:00","og_image":[{"url":"https:\/\/vir.es\/wp-content\/uploads\/2020\/02\/MAPA-LABO_VIR_23012020.png","type":"","width":"","height":""}],"twitter_card":"summary_large_image","twitter_site":"@LaboratoriosVir","twitter_misc":{"Estimated reading time":"2 minutes"},"schema":{"@context":"https:\/\/schema.org","@graph":[{"@type":"WebPage","@id":"https:\/\/vir.es\/comercializacion-y-distribucion\/","url":"https:\/\/vir.es\/comercializacion-y-distribucion\/","name":"Comercializaci\u00f3n y distribuci\u00f3n &#8902; Laboratorios VIR","isPartOf":{"@id":"https:\/\/vir.es\/en\/#website"},"primaryImageOfPage":{"@id":"https:\/\/vir.es\/comercializacion-y-distribucion\/#primaryimage"},"image":{"@id":"https:\/\/vir.es\/comercializacion-y-distribucion\/#primaryimage"},"thumbnailUrl":"https:\/\/vir.es\/wp-content\/uploads\/2020\/02\/MAPA-LABO_VIR_23012020.png","datePublished":"2017-11-24T15:33:13+00:00","dateModified":"2023-08-11T11:01:55+00:00","breadcrumb":{"@id":"https:\/\/vir.es\/comercializacion-y-distribucion\/#breadcrumb"},"inLanguage":"en-GB","potentialAction":[{"@type":"ReadAction","target":["https:\/\/vir.es\/comercializacion-y-distribucion\/"]}]},{"@type":"ImageObject","inLanguage":"en-GB","@id":"https:\/\/vir.es\/comercializacion-y-distribucion\/#primaryimage","url":"https:\/\/vir.es\/wp-content\/uploads\/2020\/02\/MAPA-LABO_VIR_23012020.png","contentUrl":"https:\/\/vir.es\/wp-content\/uploads\/2020\/02\/MAPA-LABO_VIR_23012020.png"},{"@type":"BreadcrumbList","@id":"https:\/\/vir.es\/comercializacion-y-distribucion\/#breadcrumb","itemListElement":[{"@type":"ListItem","position":1,"name":"Home","item":"https:\/\/vir.es\/"},{"@type":"ListItem","position":2,"name":"Comercializaci\u00f3n y distribuci\u00f3n"}]},{"@type":"WebSite","@id":"https:\/\/vir.es\/en\/#website","url":"https:\/\/vir.es\/en\/","name":"Laboratorios VIR,","description":"","publisher":{"@id":"https:\/\/vir.es\/en\/#organization"},"potentialAction":[{"@type":"SearchAction","target":{"@type":"EntryPoint","urlTemplate":"https:\/\/vir.es\/en\/?s={search_term_string}"},"query-input":{"@type":"PropertyValueSpecification","valueRequired":true,"valueName":"search_term_string"}}],"inLanguage":"en-GB"},{"@type":"Organization","@id":"https:\/\/vir.es\/en\/#organization","name":"Industria Qu\u00edmica y Farmac\u00e9utica Vir","url":"https:\/\/vir.es\/en\/","logo":{"@type":"ImageObject","inLanguage":"en-GB","@id":"https:\/\/vir.es\/en\/#\/schema\/logo\/image\/","url":"https:\/\/vir.es\/wp-content\/uploads\/2019\/03\/LOG.-DEF.-VIR-80-B.A.jpg","contentUrl":"https:\/\/vir.es\/wp-content\/uploads\/2019\/03\/LOG.-DEF.-VIR-80-B.A.jpg","width":1012,"height":638,"caption":"Industria Qu\u00edmica y Farmac\u00e9utica Vir"},"image":{"@id":"https:\/\/vir.es\/en\/#\/schema\/logo\/image\/"},"sameAs":["https:\/\/www.facebook.com\/LaboratoriosVIR\/?ref=bookmarks","https:\/\/x.com\/LaboratoriosVir","https:\/\/www.instagram.com\/laboratoriosvir\/?hl=es","https:\/\/www.linkedin.com\/company\/laboratoriosvir\/?viewAsMember=true"]}]}},"_links":{"self":[{"href":"https:\/\/vir.es\/en\/wp-json\/wp\/v2\/pages\/422","targetHints":{"allow":["GET"]}}],"collection":[{"href":"https:\/\/vir.es\/en\/wp-json\/wp\/v2\/pages"}],"about":[{"href":"https:\/\/vir.es\/en\/wp-json\/wp\/v2\/types\/page"}],"author":[{"embeddable":true,"href":"https:\/\/vir.es\/en\/wp-json\/wp\/v2\/users\/4"}],"replies":[{"embeddable":true,"href":"https:\/\/vir.es\/en\/wp-json\/wp\/v2\/comments?post=422"}],"version-history":[{"count":12,"href":"https:\/\/vir.es\/en\/wp-json\/wp\/v2\/pages\/422\/revisions"}],"predecessor-version":[{"id":3180,"href":"https:\/\/vir.es\/en\/wp-json\/wp\/v2\/pages\/422\/revisions\/3180"}],"wp:attachment":[{"href":"https:\/\/vir.es\/en\/wp-json\/wp\/v2\/media?parent=422"}],"curies":[{"name":"wp","href":"https:\/\/api.w.org\/{rel}","templated":true}]}}